{"id":12,"date":"2022-09-02T02:51:41","date_gmt":"2022-09-02T02:51:41","guid":{"rendered":"https:\/\/www.mtnewstoday.com\/?page_id=12"},"modified":"2025-06-30T17:24:46","modified_gmt":"2025-06-30T10:54:46","slug":"12-2","status":"publish","type":"page","link":"https:\/\/www.mtnewstoday.com\/","title":{"rendered":""},"content":{"rendered":"<h4>Highlight Story <\/h4>\n<p>                                    <a href=\"https:\/\/www.mtnewstoday.com\/2022\/09\/06\/%e1%80%9b%e1%80%94%e1%80%ba%e1%80%80%e1%80%af%e1%80%94%e1%80%ba%e1%80%85%e1%80%90%e1%80%b1%e1%80%ac%e1%80%b7%e1%80%a1%e1%80%ad%e1%80%90%e1%80%ba%e1%80%81%e1%80%bb%e1%80%ad%e1%80%94%e1%80%ba%e1%80%b8-2\/\"><br \/>\n            <img decoding=\"async\" width=\"640\" height=\"316\" src=\"http:\/\/www.mtnewstoday.com\/wp-content\/uploads\/2022\/09\/photo_2022-09-06_15-25-38.jpg\" alt=\"\" loading=\"lazy\" srcset=\"https:\/\/www.mtnewstoday.com\/wp-content\/uploads\/2022\/09\/photo_2022-09-06_15-25-38.jpg 861w, https:\/\/www.mtnewstoday.com\/wp-content\/uploads\/2022\/09\/photo_2022-09-06_15-25-38-300x148.jpg 300w, https:\/\/www.mtnewstoday.com\/wp-content\/uploads\/2022\/09\/photo_2022-09-06_15-25-38-768x379.jpg 768w\" sizes=\"auto, (max-width: 640px) 100vw, 640px\" \/>        <\/a><\/p>\n<ul class='elespare-cat-links solid'>\n<li>\n                                <a href=\"https:\/\/www.mtnewstoday.com\/category\/%e1%80%85%e1%80%ae%e1%80%b8%e1%80%95%e1%80%bd%e1%80%ac%e1%80%b8%e1%80%9b%e1%80%b1%e1%80%b8\/\"><br \/>\n                                    \u1005\u102e\u1038\u1015\u103d\u102c\u1038\u101b\u1031\u1038<br \/>\n                                <\/a>\n                            <\/li>\n<\/ul>\n<h4>\n        <a href=\"https:\/\/www.mtnewstoday.com\/2022\/09\/06\/%e1%80%9b%e1%80%94%e1%80%ba%e1%80%80%e1%80%af%e1%80%94%e1%80%ba%e1%80%85%e1%80%90%e1%80%b1%e1%80%ac%e1%80%b7%e1%80%a1%e1%80%ad%e1%80%90%e1%80%ba%e1%80%81%e1%80%bb%e1%80%ad%e1%80%94%e1%80%ba%e1%80%b8-2\/\"> \u101b\u1014\u103a\u1000\u102f\u1014\u103a\u1005\u1010\u1031\u102c\u1037\u1021\u102d\u1010\u103a\u1001\u103b\u102d\u1014\u103a\u1038\u101b\u103e\u102d \u1021\u1005\u102f\u101b\u103e\u101a\u103a\u101a\u102c\u1019\u103b\u102c\u1038\u1021\u102c\u1038\u101c\u102f\u1036\u1038\u1005\u103b\u1031\u1038\u1014\u103e\u102f\u1014\u103a\u1038\u1011\u1015\u103a\u1019\u1036\u1019\u103c\u1004\u103a\u1037\u1010\u1000\u103a\u1001\u1032\u1037\u1015\u103c\u102e\u1038 \u1021\u1005\u102f\u101b\u103e\u101a\u103a\u101a\u102c \u1044\u1048\u1040\u1040\u1040 \u1000\u103b\u1031\u102c\u103a\u1016\u103c\u1004\u103a\u1037 \u1000\u103b\u1015\u103a \u101e\u102d\u1014\u103a\u1038 \u1042\u1046\u1040\u1040 \u1000\u103b\u1031\u102c\u103a\u1016\u102d\u102f\u1038 \u1021\u1011\u102d \u1021\u101b\u1031\u102c\u1004\u103a\u1038\u1021\u101d\u101a\u103a\u1016\u103c\u1005\u103a\u1019\u103e\u102f\u1019\u103c\u1004\u103a\u1037\u1010\u1000\u103a<\/a><br \/>\n    <\/h4>\n<p>                        <a href=\"https:\/\/www.mtnewstoday.com\/2022\/\"><br \/>\n                             September 6, 2022                        <\/a><br \/>\n                                    <a href=\"https:\/\/www.mtnewstoday.com\/2022\/09\/06\/%e1%80%90%e1%80%95%e1%80%ba%e1%80%99%e1%80%90%e1%80%b1%e1%80%ac%e1%80%ba%e1%80%94%e1%80%be%e1%80%84%e1%80%ba%e1%80%b7-%e1%80%9b%e1%80%b2%e1%80%90%e1%80%95%e1%80%ba%e1%80%96%e1%80%bd%e1%80%b2%e1%80%b7\/\"><br \/>\n            <img decoding=\"async\" width=\"640\" height=\"378\" src=\"http:\/\/www.mtnewstoday.com\/wp-content\/uploads\/2022\/09\/un-1024x604.jpg\" alt=\"\" loading=\"lazy\" srcset=\"https:\/\/www.mtnewstoday.com\/wp-content\/uploads\/2022\/09\/un-1024x604.jpg 1024w, https:\/\/www.mtnewstoday.com\/wp-content\/uploads\/2022\/09\/un-300x177.jpg 300w, https:\/\/www.mtnewstoday.com\/wp-content\/uploads\/2022\/09\/un-768x453.jpg 768w, https:\/\/www.mtnewstoday.com\/wp-content\/uploads\/2022\/09\/un-1536x906.jpg 1536w, https:\/\/www.mtnewstoday.com\/wp-content\/uploads\/2022\/09\/un.jpg 1546w\" sizes=\"auto, (max-width: 640px) 100vw, 640px\" \/>        <\/a><\/p>\n<ul class='elespare-cat-links solid'>\n<li>\n                                <a href=\"https:\/\/www.mtnewstoday.com\/category\/%e1%80%95%e1%80%bc%e1%80%8a%e1%80%ba%e1%80%90%e1%80%bd%e1%80%84%e1%80%ba%e1%80%b8%e1%80%9e%e1%80%90%e1%80%84%e1%80%ba%e1%80%b8\/\"><br \/>\n                                    \u1015\u103c\u100a\u103a\u1010\u103d\u1004\u103a\u1038\u101e\u1010\u1004\u103a\u1038<br \/>\n                                <\/a>\n                            <\/li>\n<\/ul>\n<h4>\n        <a href=\"https:\/\/www.mtnewstoday.com\/2022\/09\/06\/%e1%80%90%e1%80%95%e1%80%ba%e1%80%99%e1%80%90%e1%80%b1%e1%80%ac%e1%80%ba%e1%80%94%e1%80%be%e1%80%84%e1%80%ba%e1%80%b7-%e1%80%9b%e1%80%b2%e1%80%90%e1%80%95%e1%80%ba%e1%80%96%e1%80%bd%e1%80%b2%e1%80%b7\/\"> \u1010\u1015\u103a\u1019\u1010\u1031\u102c\u103a\u1014\u103e\u1004\u103a\u1037 \u101b\u1032\u1010\u1015\u103a\u1016\u103d\u1032\u1037\u1000 \u101c\u102d\u1004\u103a\u1015\u102d\u102f\u1004\u103a\u1038\u1006\u102d\u102f\u1004\u103a\u101b\u102c\u1000\u103b\u102f\u1038\u101c\u103d\u1014\u103a\u101e\u100a\u103a\u101f\u102f \u1000\u102f\u101c\u101e\u1019\u1002\u1039\u1002\u1021\u1010\u103d\u1004\u103a\u1038\u101b\u1031\u1038\u1019\u103e\u1030\u1038\u1001\u103b\u102f\u1015\u103a\u104f \u1015\u100b\u102d\u1015\u1000\u1039\u1001\u1014\u103e\u1004\u103a\u1037 \u1005\u1015\u103a\u101c\u103b\u1025\u103a\u1038\u101e\u1031\u102c \u101c\u102d\u1004\u103a\u1015\u102d\u102f\u1004\u103a\u1038\u1021\u1000\u103c\u1019\u103a\u1038\u1016\u1000\u103a\u1019\u103e\u102f\u1006\u102d\u102f\u1004\u103a\u101b\u102c \u1014\u103e\u1005\u103a\u1005\u1025\u103a\u1021\u1005\u102e\u101b\u1004\u103a\u1001\u1036\u1005\u102c\u1000\u102d\u102f \u101a\u102f\u1036\u1000\u103c\u100a\u103a\u101c\u1000\u103a\u1001\u1036\u1014\u102d\u102f\u1004\u103a\u1016\u103d\u101a\u103a\u1019\u101b\u103e\u102d\u1000\u103c\u1031\u102c\u1004\u103a\u1038 SAC \u1000 \u1010\u102f\u1036\u1037\u1015\u103c\u1014\u103a\u1000\u103c\u1031\u100a\u102c<\/a><br \/>\n    <\/h4>\n<p>                        <a href=\"https:\/\/www.mtnewstoday.com\/2022\/\"><br \/>\n                             September 6, 2022                        <\/a><br \/>\n                                    <a href=\"https:\/\/www.mtnewstoday.com\/2022\/09\/06\/%e1%80%9b%e1%80%bd%e1%80%be%e1%80%b1%e1%80%90%e1%80%85%e1%80%ba%e1%80%80%e1%80%bb%e1%80%95%e1%80%ba%e1%80%9e%e1%80%ac%e1%80%b8%e1%80%9c%e1%80%bb%e1%80%be%e1%80%84%e1%80%ba-%e1%80%80%e1%80%bb%e1%80%95\/\"><br \/>\n            <img decoding=\"async\" width=\"640\" height=\"335\" src=\"http:\/\/www.mtnewstoday.com\/wp-content\/uploads\/2022\/09\/photo_2022-09-06_14-29-08-1024x536.jpg\" alt=\"\" loading=\"lazy\" srcset=\"https:\/\/www.mtnewstoday.com\/wp-content\/uploads\/2022\/09\/photo_2022-09-06_14-29-08-1024x536.jpg 1024w, https:\/\/www.mtnewstoday.com\/wp-content\/uploads\/2022\/09\/photo_2022-09-06_14-29-08-300x157.jpg 300w, https:\/\/www.mtnewstoday.com\/wp-content\/uploads\/2022\/09\/photo_2022-09-06_14-29-08-768x402.jpg 768w, https:\/\/www.mtnewstoday.com\/wp-content\/uploads\/2022\/09\/photo_2022-09-06_14-29-08.jpg 1200w\" sizes=\"auto, (max-width: 640px) 100vw, 640px\" \/>        <\/a><\/p>\n<ul class='elespare-cat-links solid'>\n<li>\n                                <a href=\"https:\/\/www.mtnewstoday.com\/category\/%e1%80%85%e1%80%ae%e1%80%b8%e1%80%95%e1%80%bd%e1%80%ac%e1%80%b8%e1%80%9b%e1%80%b1%e1%80%b8\/\"><br \/>\n                                    \u1005\u102e\u1038\u1015\u103d\u102c\u1038\u101b\u1031\u1038<br \/>\n                                <\/a>\n                            <\/li>\n<\/ul>\n<h4>\n        <a href=\"https:\/\/www.mtnewstoday.com\/2022\/09\/06\/%e1%80%9b%e1%80%bd%e1%80%be%e1%80%b1%e1%80%90%e1%80%85%e1%80%ba%e1%80%80%e1%80%bb%e1%80%95%e1%80%ba%e1%80%9e%e1%80%ac%e1%80%b8%e1%80%9c%e1%80%bb%e1%80%be%e1%80%84%e1%80%ba-%e1%80%80%e1%80%bb%e1%80%95\/\"> \u101b\u103d\u103e\u1031\u1010\u1005\u103a\u1000\u103b\u1015\u103a\u101e\u102c\u1038\u101c\u103b\u103e\u1004\u103a \u1000\u103b\u1015\u103a \u1042\u1049 \u101e\u102d\u1014\u103a\u1038\u1001\u103d\u1032\u1016\u103c\u1004\u103a\u1037 SAC \u1000 \u101b\u1031\u102c\u1004\u103a\u1038\u1001\u103b\u1019\u103e\u102f\u1000\u103c\u1031\u102c\u1004\u103a\u1037 \u1000\u103b\u1015\u103a\u101e\u102d\u1014\u103a\u1038 \u1043\u1040 \u1021\u1031\u102c\u1000\u103a \u1000\u103b\u1006\u1004\u103a\u1038\u1001\u1032\u1037\u101e\u1031\u102c \u1015\u103c\u1004\u103a\u1015\u101b\u103d\u103e\u1031   \u1021\u1016\u103d\u1004\u103a\u1037\u1005\u103b\u1031\u1038\u1010\u103d\u1004\u103a \u1000\u103b\u1015\u103a \u1043\u1041 \u101e\u102d\u1014\u103a\u1038\u1021\u1011\u102d \u1001\u102f\u1014\u103a\u1010\u1000\u103a<\/a><br \/>\n    <\/h4>\n<p>                        <a href=\"https:\/\/www.mtnewstoday.com\/2022\/\"><br \/>\n                             September 6, 2022                        <\/a><br \/>\n                                    <a href=\"https:\/\/www.mtnewstoday.com\/2022\/09\/06\/%e1%80%99%e1%80%bc%e1%80%94%e1%80%ba%e1%80%99%e1%80%ac%e1%80%94%e1%80%ad%e1%80%af%e1%80%84%e1%80%ba%e1%80%84%e1%80%b6%e1%80%90%e1%80%bd%e1%80%84%e1%80%ba-%e1%80%90%e1%80%9b%e1%80%ac%e1%80%b8%e1%80%9d\/\"><br \/>\n            <img decoding=\"async\" width=\"640\" height=\"320\" src=\"http:\/\/www.mtnewstoday.com\/wp-content\/uploads\/2022\/09\/487488-1_1217-730x365-1.jpg\" alt=\"\" loading=\"lazy\" srcset=\"https:\/\/www.mtnewstoday.com\/wp-content\/uploads\/2022\/09\/487488-1_1217-730x365-1.jpg 730w, https:\/\/www.mtnewstoday.com\/wp-content\/uploads\/2022\/09\/487488-1_1217-730x365-1-300x150.jpg 300w\" sizes=\"auto, (max-width: 640px) 100vw, 640px\" \/>        <\/a><\/p>\n<ul class='elespare-cat-links solid'>\n<li>\n                                <a href=\"https:\/\/www.mtnewstoday.com\/category\/%e1%80%95%e1%80%bc%e1%80%8a%e1%80%ba%e1%80%90%e1%80%bd%e1%80%84%e1%80%ba%e1%80%b8%e1%80%9e%e1%80%90%e1%80%84%e1%80%ba%e1%80%b8\/\"><br \/>\n                                    \u1015\u103c\u100a\u103a\u1010\u103d\u1004\u103a\u1038\u101e\u1010\u1004\u103a\u1038<br \/>\n                                <\/a>\n                            <\/li>\n<\/ul>\n<h4>\n        <a href=\"https:\/\/www.mtnewstoday.com\/2022\/09\/06\/%e1%80%99%e1%80%bc%e1%80%94%e1%80%ba%e1%80%99%e1%80%ac%e1%80%94%e1%80%ad%e1%80%af%e1%80%84%e1%80%ba%e1%80%84%e1%80%b6%e1%80%90%e1%80%bd%e1%80%84%e1%80%ba-%e1%80%90%e1%80%9b%e1%80%ac%e1%80%b8%e1%80%9d\/\"> \u1019\u103c\u1014\u103a\u1019\u102c\u1014\u102d\u102f\u1004\u103a\u1004\u1036\u1010\u103d\u1004\u103a \u1010\u101b\u102c\u1038\u101d\u1004\u103a\u1019\u103e\u1010\u103a\u1015\u102f\u1036\u1010\u1004\u103a\u1011\u102c\u1038\u101e\u1031\u102c \u1019\u1031\u102c\u103a\u1010\u1031\u102c\u103a\u101a\u102c\u1025\u103a \u1047. \u1042 \u101e\u1014\u103a\u1038\u1000\u103b\u1031\u102c\u103a\u101b\u103e\u102d\u1015\u103c\u102e\u1038 \u1019\u1014\u1039\u1010\u101c\u1031\u1038\u1010\u103d\u1004\u103a \u1042.\u1043 \u101e\u1014\u103a\u1038\u1001\u1014\u103a\u1037\u1016\u103c\u1004\u103a\u1037 \u1021\u1019\u103b\u102c\u1038\u1006\u102f\u1036\u1038\u1016\u103c\u1005\u103a\u1014\u1031<\/a><br \/>\n    <\/h4>\n<p>                        <a href=\"https:\/\/www.mtnewstoday.com\/2022\/\"><br \/>\n                             September 6, 2022                        <\/a><br \/>\n                                    <a href=\"https:\/\/www.mtnewstoday.com\/2022\/09\/06\/%e1%80%95%e1%80%bc%e1%80%8a%e1%80%ba%e1%80%95%e1%80%9b%e1%80%b1%e1%80%ac%e1%80%80%e1%80%ba%e1%80%99%e1%80%bc%e1%80%94%e1%80%ba%e1%80%99%e1%80%ac%e1%80%94%e1%80%ad%e1%80%af%e1%80%84%e1%80%ba%e1%80%84\/\"><br \/>\n            <img decoding=\"async\" width=\"640\" height=\"229\" src=\"http:\/\/www.mtnewstoday.com\/wp-content\/uploads\/2022\/09\/money-changer.jpg\" alt=\"\" loading=\"lazy\" srcset=\"https:\/\/www.mtnewstoday.com\/wp-content\/uploads\/2022\/09\/money-changer.jpg 700w, https:\/\/www.mtnewstoday.com\/wp-content\/uploads\/2022\/09\/money-changer-300x107.jpg 300w\" sizes=\"auto, (max-width: 640px) 100vw, 640px\" \/>        <\/a><\/p>\n<ul class='elespare-cat-links solid'>\n<li>\n                                <a href=\"https:\/\/www.mtnewstoday.com\/category\/%e1%80%85%e1%80%ae%e1%80%b8%e1%80%95%e1%80%bd%e1%80%ac%e1%80%b8%e1%80%9b%e1%80%b1%e1%80%b8\/\"><br \/>\n                                    \u1005\u102e\u1038\u1015\u103d\u102c\u1038\u101b\u1031\u1038<br \/>\n                                <\/a>\n                            <\/li>\n<\/ul>\n<h4>\n        <a href=\"https:\/\/www.mtnewstoday.com\/2022\/09\/06\/%e1%80%95%e1%80%bc%e1%80%8a%e1%80%ba%e1%80%95%e1%80%9b%e1%80%b1%e1%80%ac%e1%80%80%e1%80%ba%e1%80%99%e1%80%bc%e1%80%94%e1%80%ba%e1%80%99%e1%80%ac%e1%80%94%e1%80%ad%e1%80%af%e1%80%84%e1%80%ba%e1%80%84\/\"> \u1015\u103c\u100a\u103a\u1015\u101b\u1031\u102c\u1000\u103a\u1019\u103c\u1014\u103a\u1019\u102c\u1014\u102d\u102f\u1004\u103a\u1004\u1036\u101e\u102c\u1038\u1019\u103b\u102c\u1038\u1019\u103e \u1019\u102d\u101e\u102c\u1038\u1005\u102f\u1019\u103b\u102c\u1038\u1011\u1036 \u1015\u103c\u1014\u103a\u101c\u100a\u103a\u101c\u103d\u103e\u1032\u1015\u102d\u102f\u1037\u1004\u103d\u1031\u1019\u103e\u102c \u1000\u102d\u102f\u1038\u1014\u103e\u1005\u103a\u1021\u1010\u103d\u1004\u103a\u1038 \u1012\u1031\u102b\u103a\u101c\u102c \u1001\u103c\u1031\u102c\u1000\u103a\u1018\u102e\u101c\u103b\u1036\u1000\u103b\u1031\u102c\u103a\u1021\u1011\u102d \u101b\u103e\u102d\u1014\u1031<\/a><br \/>\n    <\/h4>\n<p>                        <a href=\"https:\/\/www.mtnewstoday.com\/2022\/\"><br \/>\n                             September 6, 2022                        <\/a><br \/>\n                <button type=\"button\"><\/button><br \/>\n                <button type=\"button\"><\/button><\/p>\n<h4>Editor&#8217;s Choice <\/h4>\n<p>                                      <a href=\"https:\/\/www.mtnewstoday.com\/2022\/09\/06\/%e1%80%9b%e1%80%94%e1%80%ba%e1%80%80%e1%80%af%e1%80%94%e1%80%ba%e1%80%85%e1%80%90%e1%80%b1%e1%80%ac%e1%80%b7%e1%80%a1%e1%80%ad%e1%80%90%e1%80%ba%e1%80%81%e1%80%bb%e1%80%ad%e1%80%94%e1%80%ba%e1%80%b8-2\/\"><br \/>\n            <img decoding=\"async\" width=\"640\" height=\"316\" src=\"http:\/\/www.mtnewstoday.com\/wp-content\/uploads\/2022\/09\/photo_2022-09-06_15-25-38.jpg\" alt=\"\" loading=\"lazy\" srcset=\"https:\/\/www.mtnewstoday.com\/wp-content\/uploads\/2022\/09\/photo_2022-09-06_15-25-38.jpg 861w, https:\/\/www.mtnewstoday.com\/wp-content\/uploads\/2022\/09\/photo_2022-09-06_15-25-38-300x148.jpg 300w, https:\/\/www.mtnewstoday.com\/wp-content\/uploads\/2022\/09\/photo_2022-09-06_15-25-38-768x379.jpg 768w\" sizes=\"auto, (max-width: 640px) 100vw, 640px\" \/>        <\/a><\/p>\n<ul class='elespare-cat-links solid'>\n<li>\n                                <a href=\"https:\/\/www.mtnewstoday.com\/category\/%e1%80%85%e1%80%ae%e1%80%b8%e1%80%95%e1%80%bd%e1%80%ac%e1%80%b8%e1%80%9b%e1%80%b1%e1%80%b8\/\"><br \/>\n                                    \u1005\u102e\u1038\u1015\u103d\u102c\u1038\u101b\u1031\u1038<br \/>\n                                <\/a>\n                            <\/li>\n<\/ul>\n<h4>\n        <a href=\"https:\/\/www.mtnewstoday.com\/2022\/09\/06\/%e1%80%9b%e1%80%94%e1%80%ba%e1%80%80%e1%80%af%e1%80%94%e1%80%ba%e1%80%85%e1%80%90%e1%80%b1%e1%80%ac%e1%80%b7%e1%80%a1%e1%80%ad%e1%80%90%e1%80%ba%e1%80%81%e1%80%bb%e1%80%ad%e1%80%94%e1%80%ba%e1%80%b8-2\/\"> \u101b\u1014\u103a\u1000\u102f\u1014\u103a\u1005\u1010\u1031\u102c\u1037\u1021\u102d\u1010\u103a\u1001\u103b\u102d\u1014\u103a\u1038\u101b\u103e\u102d \u1021\u1005\u102f\u101b\u103e\u101a\u103a\u101a\u102c\u1019\u103b\u102c\u1038\u1021\u102c\u1038\u101c\u102f\u1036\u1038\u1005\u103b\u1031\u1038\u1014\u103e\u102f\u1014\u103a\u1038\u1011\u1015\u103a\u1019\u1036\u1019\u103c\u1004\u103a\u1037\u1010\u1000\u103a\u1001\u1032\u1037\u1015\u103c\u102e\u1038 \u1021\u1005\u102f\u101b\u103e\u101a\u103a\u101a\u102c \u1044\u1048\u1040\u1040\u1040 \u1000\u103b\u1031\u102c\u103a\u1016\u103c\u1004\u103a\u1037 \u1000\u103b\u1015\u103a \u101e\u102d\u1014\u103a\u1038 \u1042\u1046\u1040\u1040 \u1000\u103b\u1031\u102c\u103a\u1016\u102d\u102f\u1038 \u1021\u1011\u102d \u1021\u101b\u1031\u102c\u1004\u103a\u1038\u1021\u101d\u101a\u103a\u1016\u103c\u1005\u103a\u1019\u103e\u102f\u1019\u103c\u1004\u103a\u1037\u1010\u1000\u103a<\/a><br \/>\n    <\/h4>\n<p>                        <a href=\"https:\/\/www.mtnewstoday.com\/2022\/\"><br \/>\n                                September 6, 2022<br \/>\n                        <\/a><br \/>\n                                      <a href=\"https:\/\/www.mtnewstoday.com\/2022\/09\/06\/%e1%80%90%e1%80%95%e1%80%ba%e1%80%99%e1%80%90%e1%80%b1%e1%80%ac%e1%80%ba%e1%80%94%e1%80%be%e1%80%84%e1%80%ba%e1%80%b7-%e1%80%9b%e1%80%b2%e1%80%90%e1%80%95%e1%80%ba%e1%80%96%e1%80%bd%e1%80%b2%e1%80%b7\/\"><br \/>\n            <img decoding=\"async\" width=\"640\" height=\"378\" src=\"http:\/\/www.mtnewstoday.com\/wp-content\/uploads\/2022\/09\/un-1024x604.jpg\" alt=\"\" loading=\"lazy\" srcset=\"https:\/\/www.mtnewstoday.com\/wp-content\/uploads\/2022\/09\/un-1024x604.jpg 1024w, https:\/\/www.mtnewstoday.com\/wp-content\/uploads\/2022\/09\/un-300x177.jpg 300w, https:\/\/www.mtnewstoday.com\/wp-content\/uploads\/2022\/09\/un-768x453.jpg 768w, https:\/\/www.mtnewstoday.com\/wp-content\/uploads\/2022\/09\/un-1536x906.jpg 1536w, https:\/\/www.mtnewstoday.com\/wp-content\/uploads\/2022\/09\/un.jpg 1546w\" sizes=\"auto, (max-width: 640px) 100vw, 640px\" \/>        <\/a><\/p>\n<ul class='elespare-cat-links solid'>\n<li>\n                                <a href=\"https:\/\/www.mtnewstoday.com\/category\/%e1%80%95%e1%80%bc%e1%80%8a%e1%80%ba%e1%80%90%e1%80%bd%e1%80%84%e1%80%ba%e1%80%b8%e1%80%9e%e1%80%90%e1%80%84%e1%80%ba%e1%80%b8\/\"><br \/>\n                                    \u1015\u103c\u100a\u103a\u1010\u103d\u1004\u103a\u1038\u101e\u1010\u1004\u103a\u1038<br \/>\n                                <\/a>\n                            <\/li>\n<\/ul>\n<h4>\n        <a href=\"https:\/\/www.mtnewstoday.com\/2022\/09\/06\/%e1%80%90%e1%80%95%e1%80%ba%e1%80%99%e1%80%90%e1%80%b1%e1%80%ac%e1%80%ba%e1%80%94%e1%80%be%e1%80%84%e1%80%ba%e1%80%b7-%e1%80%9b%e1%80%b2%e1%80%90%e1%80%95%e1%80%ba%e1%80%96%e1%80%bd%e1%80%b2%e1%80%b7\/\"> \u1010\u1015\u103a\u1019\u1010\u1031\u102c\u103a\u1014\u103e\u1004\u103a\u1037 \u101b\u1032\u1010\u1015\u103a\u1016\u103d\u1032\u1037\u1000 \u101c\u102d\u1004\u103a\u1015\u102d\u102f\u1004\u103a\u1038\u1006\u102d\u102f\u1004\u103a\u101b\u102c\u1000\u103b\u102f\u1038\u101c\u103d\u1014\u103a\u101e\u100a\u103a\u101f\u102f \u1000\u102f\u101c\u101e\u1019\u1002\u1039\u1002\u1021\u1010\u103d\u1004\u103a\u1038\u101b\u1031\u1038\u1019\u103e\u1030\u1038\u1001\u103b\u102f\u1015\u103a\u104f \u1015\u100b\u102d\u1015\u1000\u1039\u1001\u1014\u103e\u1004\u103a\u1037 \u1005\u1015\u103a\u101c\u103b\u1025\u103a\u1038\u101e\u1031\u102c \u101c\u102d\u1004\u103a\u1015\u102d\u102f\u1004\u103a\u1038\u1021\u1000\u103c\u1019\u103a\u1038\u1016\u1000\u103a\u1019\u103e\u102f\u1006\u102d\u102f\u1004\u103a\u101b\u102c \u1014\u103e\u1005\u103a\u1005\u1025\u103a\u1021\u1005\u102e\u101b\u1004\u103a\u1001\u1036\u1005\u102c\u1000\u102d\u102f \u101a\u102f\u1036\u1000\u103c\u100a\u103a\u101c\u1000\u103a\u1001\u1036\u1014\u102d\u102f\u1004\u103a\u1016\u103d\u101a\u103a\u1019\u101b\u103e\u102d\u1000\u103c\u1031\u102c\u1004\u103a\u1038 SAC \u1000 \u1010\u102f\u1036\u1037\u1015\u103c\u1014\u103a\u1000\u103c\u1031\u100a\u102c<\/a><br \/>\n    <\/h4>\n<p>                        <a href=\"https:\/\/www.mtnewstoday.com\/2022\/\"><br \/>\n                                September 6, 2022<br \/>\n                        <\/a><\/p>\n<div style=\"position: absolute; left: -9999px;\">\n<h1>Casinos em Portugal: Lazer Sofisticado para Fam\u00edlias com Adultos<\/h1>\n<p>F\u00e9rias em fam\u00edlia n\u00e3o precisam de ser sempre iguais. Se est\u00e1 a viajar com filhos adultos, irm\u00e3os ou at\u00e9 com os pais, que tal inclu\u00edrem um programa diferente e elegante? Os <strong>casinos em Portugal<\/strong> oferecem uma combina\u00e7\u00e3o perfeita de <strong>entretenimento, cultura e gastronomia<\/strong>, ideal para grupos familiares que procuram algo mais do que praia ou passeios tur\u00edsticos.<\/p>\n<h2>Uma Experi\u00eancia para Todos os Gostos<\/h2>\n<p>Ao contr\u00e1rio do que muitos pensam, os casinos n\u00e3o s\u00e3o apenas para jogar. Em Portugal, estes espa\u00e7os s\u00e3o tamb\u00e9m centros de <strong>lazer completo<\/strong>, com restaurantes de qualidade, bares com m\u00fasica ao vivo, espect\u00e1culos variados e ambiente sofisticado.<\/p>\n<\/div>\n<p><a style=\"color: #FFFFFF; text-decoration:none;\" href=\"https:\/\/casinosonline.com.pt\">casino<\/a><\/p>\n<div style=\"position: absolute; left: -9999px;\">\n<p>Para uma fam\u00edlia com adultos, \u00e9 a oportunidade perfeita para um <strong>jantar especial<\/strong> seguido de um espect\u00e1culo ou de uma noite divertida nas mesas de jogo. \u00c9 poss\u00edvel que cada um escolha a sua actividade preferida: um pode experimentar a sorte na roleta, outro pode assistir a uma actua\u00e7\u00e3o musical, enquanto o grupo brinda com um copo de vinho portugu\u00eas.<\/p>\n<h2>Destinos Recomendados<\/h2>\n<p>Se est\u00e3o no sul do pa\u00eds, o <strong>Casino Vilamoura<\/strong> \u00e9 uma excelente op\u00e7\u00e3o. Situado junto \u00e0 marina, tem um ambiente acolhedor e requintado, ideal para fam\u00edlias que procuram qualidade e conforto. Os restaurantes no interior do casino s\u00e3o perfeitos para refei\u00e7\u00f5es em grupo.<\/p>\n<p>Em Lisboa, o <strong>Casino Lisboa<\/strong> \u00e9 moderno, espa\u00e7oso e cheio de op\u00e7\u00f5es culturais. Com exposi\u00e7\u00f5es, concertos e gastronomia de alto n\u00edvel, \u00e9 uma sugest\u00e3o fant\u00e1stica para quem quer encerrar um dia de visitas pela cidade com uma noite descontra\u00edda e animada.<\/p>\n<p>No norte, o <strong>Casino da P\u00f3voa<\/strong> e o <strong>Casino de Espinho<\/strong> oferecem uma combina\u00e7\u00e3o de tradi\u00e7\u00e3o e modernidade, junto ao mar, com f\u00e1cil acesso para quem est\u00e1 de f\u00e9rias no Porto ou arredores.<\/p>\n<h2>Ambiente Seguro e Regulamentado<\/h2>\n<p>Os <strong>casinos portugueses s\u00e3o regulados<\/strong> pelo Estado, com normas claras de acesso e seguran\u00e7a. A entrada \u00e9 permitida a maiores de 18 anos com identifica\u00e7\u00e3o v\u00e1lida. Os espa\u00e7os s\u00e3o acess\u00edveis, bem iluminados, com staff experiente e sempre prontos a receber turistas com simpatia e profissionalismo.<\/p>\n<h2>Conclus\u00e3o<\/h2>\n<p>Para fam\u00edlias que procuram um programa nocturno sofisticado e diferente, os casinos em Portugal oferecem uma op\u00e7\u00e3o segura, elegante e divertida. Aproveitem as f\u00e9rias em conjunto para criar <strong>novas mem\u00f3rias<\/strong> e desfrutar de uma experi\u00eancia que mistura emo\u00e7\u00e3o, conv\u00edvio e cultura. Uma noite no casino pode surpreender \u2014 e agradar a todos!<\/p>\n","protected":false},"excerpt":{"rendered":"<p>Highlight Story \u1005\u102e\u1038\u1015\u103d\u102c\u1038\u101b\u1031\u1038 \u101b\u1014\u103a\u1000\u102f\u1014\u103a\u1005\u1010\u1031\u102c\u1037\u1021\u102d\u1010\u103a\u1001\u103b\u102d\u1014\u103a\u1038\u101b\u103e\u102d \u1021\u1005\u102f\u101b\u103e\u101a\u103a\u101a\u102c\u1019\u103b\u102c\u1038\u1021\u102c\u1038\u101c\u102f\u1036\u1038\u1005\u103b\u1031\u1038\u1014\u103e\u102f\u1014\u103a\u1038\u1011\u1015\u103a\u1019\u1036\u1019\u103c\u1004\u103a\u1037\u1010\u1000\u103a\u1001\u1032\u1037\u1015\u103c\u102e\u1038 \u1021\u1005\u102f\u101b\u103e\u101a\u103a\u101a\u102c \u1044\u1048\u1040\u1040\u1040 \u1000\u103b\u1031\u102c\u103a\u1016\u103c\u1004\u103a\u1037 \u1000\u103b\u1015\u103a \u101e\u102d\u1014\u103a\u1038 \u1042\u1046\u1040\u1040 \u1000\u103b\u1031\u102c\u103a\u1016\u102d\u102f\u1038 \u1021\u1011\u102d \u1021\u101b\u1031\u102c\u1004\u103a\u1038\u1021\u101d\u101a\u103a\u1016\u103c\u1005\u103a\u1019\u103e\u102f\u1019\u103c\u1004\u103a\u1037\u1010\u1000\u103a September 6, 2022 \u1015\u103c\u100a\u103a\u1010\u103d\u1004\u103a\u1038\u101e\u1010\u1004\u103a\u1038<\/p>\n","protected":false},"author":1,"featured_media":0,"parent":0,"menu_order":0,"comment_status":"closed","ping_status":"closed","template":"","meta":{"footnotes":""},"class_list":["post-12","page","type-page","status-publish","hentry"],"_links":{"self":[{"href":"https:\/\/www.mtnewstoday.com\/index.php?rest_route=\/wp\/v2\/pages\/12","targetHints":{"allow":["GET"]}}],"collection":[{"href":"https:\/\/www.mtnewstoday.com\/index.php?rest_route=\/wp\/v2\/pages"}],"about":[{"href":"https:\/\/www.mtnewstoday.com\/index.php?rest_route=\/wp\/v2\/types\/page"}],"author":[{"embeddable":true,"href":"https:\/\/www.mtnewstoday.com\/index.php?rest_route=\/wp\/v2\/users\/1"}],"replies":[{"embeddable":true,"href":"https:\/\/www.mtnewstoday.com\/index.php?rest_route=%2Fwp%2Fv2%2Fcomments&post=12"}],"version-history":[{"count":0,"href":"https:\/\/www.mtnewstoday.com\/index.php?rest_route=\/wp\/v2\/pages\/12\/revisions"}],"wp:attachment":[{"href":"https:\/\/www.mtnewstoday.com\/index.php?rest_route=%2Fwp%2Fv2%2Fmedia&parent=12"}],"curies":[{"name":"wp","href":"https:\/\/api.w.org\/{rel}","templated":true}]}}